{"id":10,"date":"2025-01-14T17:09:23","date_gmt":"2025-01-14T20:09:23","guid":{"rendered":"https:\/\/www.3eeng.com.br\/site\/?page_id=10"},"modified":"2025-01-28T12:53:17","modified_gmt":"2025-01-28T15:53:17","slug":"3e-engenharia","status":"publish","type":"page","link":"https:\/\/www.3eeng.com.br\/site\/3e-engenharia\/","title":{"rendered":"3E Engenharia"},"content":{"rendered":"<p>A 3E Engenharia \u00e9 uma empresa especializada em solu\u00e7\u00f5es completas de engenharia e constru\u00e7\u00e3o, oferecendo excel\u00eancia em projetos de saneamento (\u00e1gua e esgoto), drenagem, estruturas de concreto, terraplanagem, pavimenta\u00e7\u00e3o e infraestrutura. Atuamos em restaura\u00e7\u00e3o, loteamentos, urbaniza\u00e7\u00e3o, constru\u00e7\u00e3o civil e obras de grande porte, como pontes e canais. Com expertise t\u00e9cnica e compromisso com a qualidade, garantimos efici\u00eancia em cada obra, transformando desafios em resultados que fazem a diferen\u00e7a.<\/p>\n<h2 style=\"text-align: center;\"><\/h2>\n<div style=\"display: none;\">\n<p>engenharia e constru\u00e7\u00e3o sarandi terraplanagem sarandi, 3e em sarandi, civil, sarandi RS, civil e engenharia e constru\u00e7\u00e3o concreto sarandi<\/p>\n<h1>civil em sarandi,\u00a03e sarandi, terraplanagem sarandi,<\/h1>\n<h2>civil em sarandi, engenharia e constru\u00e7\u00e3o sarandi e regi\u00e3o, terraplanagem sarandi em sarandi, civil venda 3e engenharia e constru\u00e7\u00e3o concreto sarandi, engenharia e constru\u00e7\u00e3o em sarandi rs, civil, para sarandi e regi\u00e3o, civil para sarandi e regi\u00e3o\u00a0engenharia e constru\u00e7\u00e3o concreto engenharia e constru\u00e7\u00e3o concreto sarandi de civil em sarandi, engenharia e constru\u00e7\u00e3o sarandi e regi\u00e3o, terraplanagem sarandi em sarandi, civil venda 3e engenharia e constru\u00e7\u00e3o concreto sarandi, engenharia e constru\u00e7\u00e3o em sarandi rs, civil,<a title=\"engenharia e constru\u00e7\u00e3o concreto engenharia e constru\u00e7\u00e3o concreto sarandi de civil em sarandi, engenharia e constru\u00e7\u00e3o sarandi e regi\u00e3o, terraplanagem sarandi em sarandi, civil venda 3e engenharia e constru\u00e7\u00e3o concreto sarandi, engenharia e constru\u00e7\u00e3o em sarandi rs, civil, para sarandi e regi\u00e3o, civil para sarandi e regi\u00e3o\" href=\"https:\/\/www.3eeng.com.br\">para sarandi e regi\u00e3o, civil para sarandi e regi\u00e3o\u00a0engenharia e constru\u00e7\u00e3o concreto engenharia e constru\u00e7\u00e3o concreto sarandi de civil em sarandi, engenharia e constru\u00e7\u00e3o sarandi e regi\u00e3o, terraplanagem sarandi em sarandi, civil venda 3e engenharia e constru\u00e7\u00e3o concreto sarandi, engenharia e constru\u00e7\u00e3o em sarandi rs, civil<\/a>, para sarandi e regi\u00e3o, civil para sarandi e regi\u00e3o\u00a0engenharia e constru\u00e7\u00e3o concreto engenharia e constru\u00e7\u00e3o concreto sarandi de civil em sarandi, engenharia e constru\u00e7\u00e3o sarandi e regi\u00e3o, terraplanagem sarandi em sarandi, civil venda 3e engenharia e constru\u00e7\u00e3o concreto sarandi, engenharia e constru\u00e7\u00e3o em sarandi rs, civil, para sarandi e regi\u00e3o, civil para sarandi e regi\u00e3o\u00a0engenharia e constru\u00e7\u00e3o concreto engenharia e constru\u00e7\u00e3o concreto sarandi de civil em sarandi, engenharia e constru\u00e7\u00e3o sarandi e regi\u00e3o, terraplanagem sarandi em sarandi, civil venda 3e engenharia e constru\u00e7\u00e3o concreto sarandi, engenharia e constru\u00e7\u00e3o em sarandi rs, civil, para sarandi e regi\u00e3o,<a title=\"engenharia e constru\u00e7\u00e3o concreto engenharia e constru\u00e7\u00e3o concreto sarandi de civil em sarandi, engenharia e constru\u00e7\u00e3o sarandi e regi\u00e3o, terraplanagem sarandi em sarandi, civil venda 3e engenharia e constru\u00e7\u00e3o concreto sarandi, engenharia e constru\u00e7\u00e3o em sarandi rs, civil, para sarandi e regi\u00e3o, civil para sarandi e regi\u00e3o\" href=\"https:\/\/www.3eeng.com.br\/site\">civil para sarandi e regi\u00e3o\u00a0engenharia e constru\u00e7\u00e3o concreto engenharia e constru\u00e7\u00e3o concreto sarandi de civil em sarandi, engenharia e constru\u00e7\u00e3o sarandi e regi\u00e3o, cria\u00e7\u00e3o de sit<\/a>es em sarandi, civil venda 3e engenharia e constru\u00e7\u00e3o concreto sarandi, engenharia e constru\u00e7\u00e3o em sarandi rs, civil, para sarandi e regi\u00e3o, civil para sarandi e regi\u00e3o<\/h2>\n<div id=\"attachment_747\" style=\"width: 353px\" class=\"wp-caption aligncenter\"><a href=\"https:\/\/www.3eeng.com.br\/site\/wp-content\/uploads\/2013\/06\/per\u00edcia-m\u00e9dica-passo-fundo-rs.jpg\"><img decoding=\"async\" aria-describedby=\"caption-attachment-747\" class=\"size-full wp-image-747 \" title=\"engenharia e constru\u00e7\u00e3o concreto engenharia e constru\u00e7\u00e3o concreto sarandi de civil em sarandi\" src=\"https:\/\/www.3eeng.com.br\/site\/wp-content\/uploads\/2013\/06\/per\u00edcia-m\u00e9dica-passo-fundo-rs.jpg\" alt=\"engenharia e constru\u00e7\u00e3o concreto engenharia e constru\u00e7\u00e3o concreto sarandi de civil em sarandi\" width=\"343\" height=\"300\"  loading=\"lazy\" \/><\/a><p id=\"caption-attachment-747\" class=\"wp-caption-text\">engenharia e constru\u00e7\u00e3o concreto engenharia e constru\u00e7\u00e3o concreto sarandi de civil em sarandi<\/p><\/div>\n<\/div>\n","protected":false},"excerpt":{"rendered":"<p>A 3E Engenharia \u00e9 uma empresa especializada em solu\u00e7\u00f5es completas de engenharia e constru\u00e7\u00e3o, oferecendo [&hellip;]<\/p>\n","protected":false},"author":1,"featured_media":0,"parent":0,"menu_order":0,"comment_status":"closed","ping_status":"closed","template":"template-empresa.php","meta":{"footnotes":""},"class_list":["post-10","page","type-page","status-publish","hentry"],"_links":{"self":[{"href":"https:\/\/www.3eeng.com.br\/site\/wp-json\/wp\/v2\/pages\/10","targetHints":{"allow":["GET"]}}],"collection":[{"href":"https:\/\/www.3eeng.com.br\/site\/wp-json\/wp\/v2\/pages"}],"about":[{"href":"https:\/\/www.3eeng.com.br\/site\/wp-json\/wp\/v2\/types\/page"}],"author":[{"embeddable":true,"href":"https:\/\/www.3eeng.com.br\/site\/wp-json\/wp\/v2\/users\/1"}],"replies":[{"embeddable":true,"href":"https:\/\/www.3eeng.com.br\/site\/wp-json\/wp\/v2\/comments?post=10"}],"version-history":[{"count":11,"href":"https:\/\/www.3eeng.com.br\/site\/wp-json\/wp\/v2\/pages\/10\/revisions"}],"predecessor-version":[{"id":83,"href":"https:\/\/www.3eeng.com.br\/site\/wp-json\/wp\/v2\/pages\/10\/revisions\/83"}],"wp:attachment":[{"href":"https:\/\/www.3eeng.com.br\/site\/wp-json\/wp\/v2\/media?parent=10"}],"curies":[{"name":"wp","href":"https:\/\/api.w.org\/{rel}","templated":true}]}}