{"id":28,"date":"2025-01-14T17:12:23","date_gmt":"2025-01-14T20:12:23","guid":{"rendered":"https:\/\/www.3eeng.com.br\/site\/?page_id=28"},"modified":"2025-01-28T12:59:03","modified_gmt":"2025-01-28T15:59:03","slug":"inicio","status":"publish","type":"page","link":"https:\/\/www.3eeng.com.br\/site\/","title":{"rendered":"In\u00edcio"},"content":{"rendered":"<div style=\"display: none;\">\n<p>esgoto sarandi engenharia sarandi, 3e em sarandi, civil, sarandi RS, civil e esgoto concreto sarandi<\/p>\n<h1>civil em sarandi,\u00a03e sarandi, engenharia sarandi,<\/h1>\n<h2>civil em sarandi, esgoto sarandi e regi\u00e3o, engenharia sarandi em sarandi, civil venda 3e esgoto concreto sarandi, esgoto em sarandi rs, civil, para sarandi e regi\u00e3o, civil para sarandi e regi\u00e3o\u00a0esgoto concreto esgoto concreto sarandi de civil em sarandi, esgoto sarandi e regi\u00e3o, engenharia sarandi em sarandi, civil venda 3e esgoto concreto sarandi, esgoto em sarandi rs, civil,<a title=\"esgoto concreto esgoto concreto sarandi de civil em sarandi, esgoto sarandi e regi\u00e3o, engenharia sarandi em sarandi, civil venda 3e esgoto concreto sarandi, esgoto em sarandi rs, civil, para sarandi e regi\u00e3o, civil para sarandi e regi\u00e3o\" href=\"https:\/\/www.3eeng.com.br\">para sarandi e regi\u00e3o, civil para sarandi e regi\u00e3o\u00a0esgoto concreto esgoto concreto sarandi de civil em sarandi, esgoto sarandi e regi\u00e3o, engenharia sarandi em sarandi, civil venda 3e esgoto concreto sarandi, esgoto em sarandi rs, civil<\/a>, para sarandi e regi\u00e3o, civil para sarandi e regi\u00e3o\u00a0esgoto concreto esgoto concreto sarandi de civil em sarandi, esgoto sarandi e regi\u00e3o, engenharia sarandi em sarandi, civil venda 3e esgoto concreto sarandi, esgoto em sarandi rs, civil, para sarandi e regi\u00e3o, civil para sarandi e regi\u00e3o\u00a0esgoto concreto esgoto concreto sarandi de civil em sarandi, esgoto sarandi e regi\u00e3o, engenharia sarandi em sarandi, civil venda 3e esgoto concreto sarandi, esgoto em sarandi rs, civil, para sarandi e regi\u00e3o,<a title=\"esgoto concreto esgoto concreto sarandi de civil em sarandi, esgoto sarandi e regi\u00e3o, engenharia sarandi em sarandi, civil venda 3e esgoto concreto sarandi, esgoto em sarandi rs, civil, para sarandi e regi\u00e3o, civil para sarandi e regi\u00e3o\" href=\"https:\/\/www.3eeng.com.br\/site\">civil para sarandi e regi\u00e3o\u00a0esgoto concreto esgoto concreto sarandi de civil em sarandi, esgoto sarandi e regi\u00e3o, cria\u00e7\u00e3o de sit<\/a>es em sarandi, civil venda 3e esgoto concreto sarandi, esgoto em sarandi rs, civil, para sarandi e regi\u00e3o, civil para sarandi e regi\u00e3o<\/h2>\n<div id=\"attachment_747\" style=\"width: 353px\" class=\"wp-caption aligncenter\"><a href=\"https:\/\/www.3eeng.com.br\/site\/wp-content\/uploads\/2013\/06\/per\u00edcia-m\u00e9dica-passo-fundo-rs.jpg\"><img decoding=\"async\" aria-describedby=\"caption-attachment-747\" class=\"size-full wp-image-747 \" title=\"esgoto concreto esgoto concreto sarandi de civil em sarandi\" src=\"https:\/\/www.3eeng.com.br\/site\/wp-content\/uploads\/2013\/06\/per\u00edcia-m\u00e9dica-passo-fundo-rs.jpg\" alt=\"esgoto concreto esgoto concreto sarandi de civil em sarandi\" width=\"343\" height=\"300\"  loading=\"lazy\" \/><\/a><p id=\"caption-attachment-747\" class=\"wp-caption-text\">esgoto concreto esgoto concreto sarandi de civil em sarandi<\/p><\/div>\n<\/div>\n","protected":false},"excerpt":{"rendered":"<p>esgoto sarandi engenharia sarandi, 3e em sarandi, civil, sarandi RS, civil e esgoto concreto sarandi [&hellip;]<\/p>\n","protected":false},"author":1,"featured_media":0,"parent":0,"menu_order":0,"comment_status":"closed","ping_status":"closed","template":"template-inicio2.php","meta":{"footnotes":""},"class_list":["post-28","page","type-page","status-publish","hentry"],"_links":{"self":[{"href":"https:\/\/www.3eeng.com.br\/site\/wp-json\/wp\/v2\/pages\/28","targetHints":{"allow":["GET"]}}],"collection":[{"href":"https:\/\/www.3eeng.com.br\/site\/wp-json\/wp\/v2\/pages"}],"about":[{"href":"https:\/\/www.3eeng.com.br\/site\/wp-json\/wp\/v2\/types\/page"}],"author":[{"embeddable":true,"href":"https:\/\/www.3eeng.com.br\/site\/wp-json\/wp\/v2\/users\/1"}],"replies":[{"embeddable":true,"href":"https:\/\/www.3eeng.com.br\/site\/wp-json\/wp\/v2\/comments?post=28"}],"version-history":[{"count":3,"href":"https:\/\/www.3eeng.com.br\/site\/wp-json\/wp\/v2\/pages\/28\/revisions"}],"predecessor-version":[{"id":85,"href":"https:\/\/www.3eeng.com.br\/site\/wp-json\/wp\/v2\/pages\/28\/revisions\/85"}],"wp:attachment":[{"href":"https:\/\/www.3eeng.com.br\/site\/wp-json\/wp\/v2\/media?parent=28"}],"curies":[{"name":"wp","href":"https:\/\/api.w.org\/{rel}","templated":true}]}}